{"id":144,"date":"2025-07-13T13:50:56","date_gmt":"2025-07-13T11:50:56","guid":{"rendered":"https:\/\/exposed.th-heyn.de\/?page_id=144"},"modified":"2026-04-04T12:33:12","modified_gmt":"2026-04-04T10:33:12","slug":"feedback","status":"publish","type":"page","link":"https:\/\/noclothes.de\/index.php\/feedback\/","title":{"rendered":"Feedback"},"content":{"rendered":"<p style=\"text-align: center;\">Hier k\u00f6nnte Ihr ein Feedback oder Gru\u00df hinterlassen.<\/p>\n<div class=\"gwolle-gb\"><div class=\"gwolle-gb-messages-top-container\"><\/div>\n\t\t\t<div class=\"gwolle-gb-write-button\">\n\t\t\t\t<input type=\"button\" name=\"gwolle-gb-write-button\" class=\"button btn btn-default \" value=\"Neuen Eintrag schreiben\" aria-expanded=\"false\" \/>\n\t\t\t<\/div>\n\t\t\t<form action=\"#\" method=\"POST\" class=\"gwolle-gb-write gwolle-gb-hide gwolle-gb-float gwolle-gb-form-ajax gwolle-gb-ajax gwolle-gb-not-logged-in\">\n\t\t\t\t<h3>Einen neuen Eintrag f\u00fcr das G\u00e4stebuch schreiben<\/h3>\n\t\t\t\t<button type=\"button\" class=\"gb-notice-dismiss\">x<span class=\"screen-reader-text\">Dieses Formular ausblenden<\/span><\/button>\n\t\t\t\n\t\t\t\t<input type=\"hidden\" name=\"gwolle_gb_function\" class=\"gwolle_gb_function\" value=\"add_entry\" \/><input type=\"hidden\" name=\"gwolle_gb_book_id\" class=\"gwolle_gb_book_id\" value=\"1\" \/><div class=\"gwolle_gb_6c741b13128f185d9b2bfd44f1111968\">\n\t\t\t\t<div class=\"label\"><label for=\"gwolle_gb_6c741b13128f185d9b2bfd44f1111968-1\" class=\"text-info\">E-Mail<\/label><\/div>\n\t\t\t\t<div class=\"input\"><input class=\"gwolle_gb_6c741b13128f185d9b2bfd44f1111968\" value=\"\" type=\"email\" id=\"gwolle_gb_6c741b13128f185d9b2bfd44f1111968-1\" name=\"gwolle_gb_6c741b13128f185d9b2bfd44f1111968\" \/><\/div>\n\t\t\t\t<div class=\"clearBoth\">&nbsp;<\/div>\n\t\t\t<\/div><div class=\"gwolle_gb_9117998157fe6a0b31dd0b547c57cb86\">\n\t\t\t\t<div class=\"label\"><label for=\"gwolle_gb_9117998157fe6a0b31dd0b547c57cb86-1\" class=\"text-info\">Website<\/label><\/div>\n\t\t\t\t<div class=\"input\"><input class=\"gwolle_gb_9117998157fe6a0b31dd0b547c57cb86\" value=\"\" type=\"url\" id=\"gwolle_gb_9117998157fe6a0b31dd0b547c57cb86-1\" name=\"gwolle_gb_9117998157fe6a0b31dd0b547c57cb86\" \/><\/div>\n\t\t\t\t<div class=\"clearBoth\">&nbsp;<\/div>\n\t\t\t<\/div>\n\t\t\t<div class=\"gwolle_gb_5d6d926f9fe67f64121d77449e18b66a\" style=\"display:none;overflow:hidden;\" hidden=\"true\" aria-hidden=\"true\">\n\t\t\t\t<div class=\"label\">\n\t\t\t\t\t<label for=\"gwolle_gb_5d6d926f9fe67f64121d77449e18b66a-1\" class=\"text-primary\">Hier nichts eingeben<\/label>\n\t\t\t\t\t<label for=\"gwolle_gb_badec4177a03eaf0da8aa900c8191fbf-1\" class=\"text-primary\">Hier nichts eingeben<\/label>\n\t\t\t\t<\/div>\n\t\t\t\t<div class=\"input\">\n\t\t\t\t\t<input value=\"46\" type=\"text\" id=\"gwolle_gb_5d6d926f9fe67f64121d77449e18b66a-1\" name=\"gwolle_gb_5d6d926f9fe67f64121d77449e18b66a\" class=\"gwolle_gb_5d6d926f9fe67f64121d77449e18b66a\" style=\"transform: translateY(10000px);\" \/>\n\t\t\t\t\t<input value=\"\" type=\"text\" name=\"gwolle_gb_badec4177a03eaf0da8aa900c8191fbf\" id=\"gwolle_gb_badec4177a03eaf0da8aa900c8191fbf-1\" class=\"gwolle_gb_badec4177a03eaf0da8aa900c8191fbf\" style=\"transform: translateY(10000px);\" \/>\n\t\t\t\t<\/div>\n\t\t\t\t<div class=\"clearBoth\"><\/div>\n\t\t\t<\/div>\n\t\t\t<div class=\"gwolle_gb_97c8e993045aace4b138788acd0ea591\" style=\"display:none;overflow:hidden;\" hidden=\"true\" aria-hidden=\"true\">\n\t\t\t\t<div class=\"label\">\n\t\t\t\t\t<label for=\"gwolle_gb_97c8e993045aace4b138788acd0ea591-1\" class=\"text-primary\">Hier nichts eingeben<\/label>\n\t\t\t\t\t<label for=\"gwolle_gb_33954a6977faf5cf5a9fcf17b187df86-1\" class=\"text-primary\">Hier nichts eingeben<\/label>\n\t\t\t\t<\/div>\n\t\t\t\t<div class=\"input\">\n\t\t\t\t\t<input value=\"32300\" type=\"text\" id=\"gwolle_gb_97c8e993045aace4b138788acd0ea591-1\" name=\"gwolle_gb_97c8e993045aace4b138788acd0ea591\" class=\"gwolle_gb_97c8e993045aace4b138788acd0ea591\" style=\"transform: translateY(10000px);\" \/>\n\t\t\t\t\t<input value=\"32300\" type=\"text\"id=\"gwolle_gb_33954a6977faf5cf5a9fcf17b187df86-1\" name=\"gwolle_gb_33954a6977faf5cf5a9fcf17b187df86\" class=\"gwolle_gb_33954a6977faf5cf5a9fcf17b187df86\" style=\"transform: translateY(10000px);\" \/>\n\t\t\t\t<\/div>\n\t\t\t\t<div class=\"clearBoth\"><\/div>\n\t\t\t<\/div><div class=\"gwolle_gb_content\">\n\t\t\t\t<div class=\"label\"><label for=\"gwolle_gb_content-1\" class=\"text-info\">G\u00e4stebucheintrag <span class=\"required\">*<\/span><\/label><\/div>\n\t\t\t\t<div class=\"input\"><textarea id=\"gwolle_gb_content-1\" name=\"gwolle_gb_content\" class=\"gwolle_gb_content wp-exclude-emoji maxlength maxlength-500\" required ><\/textarea><span class=\"gb-max-length-text\"><span class=\"gb-used-characters\">0<\/span>\/<span class=\"gb-max-characters\">500<\/span> Zeichen<\/span><\/div>\n\t\t\t\t\t<div class=\"clearBoth\">&nbsp;<\/div>\n\t\t\t\t<\/div><input type=\"hidden\" class=\"gwolle_gb_a1c869ac75b131ad04e479f5f7aea226\" id=\"gwolle_gb_a1c869ac75b131ad04e479f5f7aea226-1\" name=\"gwolle_gb_a1c869ac75b131ad04e479f5f7aea226\" value=\"7474ebc089\" \/>\n\t\t\t<div class=\"gwolle-gb-messages-bottom-container\"><\/div>\n\n\t\t\t<noscript><div class=\"no-js\">Warnung: Dieses Formular kann nur verwendet werden, wenn in deinem Browser JavaScript aktiviert ist.<\/div><\/noscript>\n\n\t\t\t<div class=\"gwolle_gb_submit gwolle-gb-submit\">\n\t\t\t\t<div class=\"label gwolle-gb-invisible text-muted\">&nbsp;<\/div>\n\t\t\t\t<div class=\"input\">\n\t\t\t\t\t<input type=\"submit\" name=\"gwolle_gb_submit\" class=\"gwolle_gb_submit button btn btn-primary \" value=\"Absenden\" \/>\n\t\t\t\t\t<span class=\"gwolle_gb_submit_ajax_icon gwolle-gb-submit-ajax-icon\"><\/span>\n\t\t\t\n\t\t\t\t<\/div>\n\t\t\t\t<div class=\"clearBoth\">&nbsp;<\/div>\n\t\t\t<\/div>\n\n\t\t\t<div class=\"gwolle_gb_notice gwolle-gb-notice\">\n\t\t\t\tMit * gekennzeichnete Felder sind erforderlich.<br \/>\r\nDeine E-Mail-Adresse wird nicht ver\u00f6ffentlicht.<br \/>\r\nEs ist m\u00f6glich, dass dein Eintrag im G\u00e4stebuch erst sichtbar ist, nachdem wir ihn \u00fcberpr\u00fcft haben.<br \/>\r\nWir behalten uns vor, Eintr\u00e4ge zu bearbeiten, zu l\u00f6schen oder nicht zu ver\u00f6ffentlichen.\n\t\t\t<\/div><\/form><div class=\"gwolle-gb-read gwolle-gb-ajax gwolle-gb-entries-list\" data-book_id=\"1\">(Noch keine Eintr\u00e4ge)<\/div><\/div>\n","protected":false},"excerpt":{"rendered":"<p>Hier k\u00f6nnte Ihr ein Feedback oder Gru\u00df hinterlassen.<\/p>\n","protected":false},"author":1,"featured_media":0,"parent":0,"menu_order":0,"comment_status":"closed","ping_status":"closed","template":"","meta":{"site-container-style":"default","site-container-layout":"default","site-sidebar-layout":"default","disable-article-header":"default","disable-site-header":"default","disable-site-footer":"default","disable-content-area-spacing":"default","footnotes":"","_links_to":"","_links_to_target":""},"categories":[1],"tags":[],"class_list":["post-144","page","type-page","status-publish","hentry","category-allgemein"],"_links":{"self":[{"href":"https:\/\/noclothes.de\/index.php\/wp-json\/wp\/v2\/pages\/144","targetHints":{"allow":["GET"]}}],"collection":[{"href":"https:\/\/noclothes.de\/index.php\/wp-json\/wp\/v2\/pages"}],"about":[{"href":"https:\/\/noclothes.de\/index.php\/wp-json\/wp\/v2\/types\/page"}],"author":[{"embeddable":true,"href":"https:\/\/noclothes.de\/index.php\/wp-json\/wp\/v2\/users\/1"}],"replies":[{"embeddable":true,"href":"https:\/\/noclothes.de\/index.php\/wp-json\/wp\/v2\/comments?post=144"}],"version-history":[{"count":7,"href":"https:\/\/noclothes.de\/index.php\/wp-json\/wp\/v2\/pages\/144\/revisions"}],"predecessor-version":[{"id":1322,"href":"https:\/\/noclothes.de\/index.php\/wp-json\/wp\/v2\/pages\/144\/revisions\/1322"}],"wp:attachment":[{"href":"https:\/\/noclothes.de\/index.php\/wp-json\/wp\/v2\/media?parent=144"}],"wp:term":[{"taxonomy":"category","embeddable":true,"href":"https:\/\/noclothes.de\/index.php\/wp-json\/wp\/v2\/categories?post=144"},{"taxonomy":"post_tag","embeddable":true,"href":"https:\/\/noclothes.de\/index.php\/wp-json\/wp\/v2\/tags?post=144"}],"curies":[{"name":"wp","href":"https:\/\/api.w.org\/{rel}","templated":true}]}}